{"id":701,"date":"2024-02-20T09:33:48","date_gmt":"2024-02-20T08:33:48","guid":{"rendered":"https:\/\/new.crancfestival.com\/about-us\/"},"modified":"2026-02-11T11:05:41","modified_gmt":"2026-02-11T10:05:41","slug":"about-us","status":"publish","type":"page","link":"https:\/\/crancfestival.com\/ca\/about-us\/","title":{"rendered":"About us"},"content":{"rendered":"<p>[et_pb_section fb_built=&#8221;1&#8243; _builder_version=&#8221;4.27.4&#8243; _module_preset=&#8221;default&#8221; background_color=&#8221;#40FF84&#8243; locked=&#8221;off&#8221; global_colors_info=&#8221;{}&#8221;][et_pb_row column_structure=&#8221;1_4,1_2,1_4&#8243; module_class=&#8221;row-about&#8221; _builder_version=&#8221;4.27.4&#8243; _module_preset=&#8221;default&#8221; max_width=&#8221;1280px&#8221; global_colors_info=&#8221;{}&#8221;][et_pb_column type=&#8221;1_4&#8243; _builder_version=&#8221;4.24.0&#8243; _module_preset=&#8221;default&#8221; global_colors_info=&#8221;{}&#8221;][et_pb_image src=&#8221;https:\/\/crancfestival.com\/wp-content\/uploads\/2025\/12\/cranc.webp&#8221; _builder_version=&#8221;4.27.4&#8243; _module_preset=&#8221;default&#8221; scroll_vertical_motion_enable=&#8221;on&#8221; scroll_vertical_motion=&#8221;0|50|50|100|0|0|-1&#8243; motion_trigger_start=&#8221;bottom&#8221; global_colors_info=&#8221;{}&#8221;][\/et_pb_image][et_pb_image src=&#8221;https:\/\/crancfestival.com\/wp-content\/uploads\/2025\/12\/tele.webp&#8221; align=&#8221;right&#8221; _builder_version=&#8221;4.27.4&#8243; _module_preset=&#8221;default&#8221; max_width=&#8221;120px&#8221; scroll_rotating_enable=&#8221;on&#8221; scroll_rotating=&#8221;0|50|50|100|-21\u00b0|0|21\u00b0&#8221; global_colors_info=&#8221;{}&#8221;][\/et_pb_image][et_pb_image src=&#8221;https:\/\/crancfestival.com\/wp-content\/uploads\/2025\/12\/ojo.webp&#8221; title_text=&#8221;cranc-sticker10&#8243; _builder_version=&#8221;4.27.4&#8243; _module_preset=&#8221;default&#8221; width=&#8221;150px&#8221; max_width=&#8221;100%&#8221; scroll_rotating_enable=&#8221;on&#8221; global_colors_info=&#8221;{}&#8221;][\/et_pb_image][\/et_pb_column][et_pb_column type=&#8221;1_2&#8243; _builder_version=&#8221;4.24.0&#8243; _module_preset=&#8221;default&#8221; global_colors_info=&#8221;{}&#8221;][et_pb_text _builder_version=&#8221;4.27.5&#8243; _module_preset=&#8221;default&#8221; text_orientation=&#8221;center&#8221; hover_enabled=&#8221;0&#8243; global_colors_info=&#8221;{}&#8221; sticky_enabled=&#8221;0&#8243;]<\/p>\n<h1 class=\"uppercase\">About us<\/h1>\n<p>[\/et_pb_text][et_pb_text _builder_version=&#8221;4.27.5&#8243; _module_preset=&#8221;default&#8221; text_font_size=&#8221;20px&#8221; hover_enabled=&#8221;0&#8243; global_colors_info=&#8221;{}&#8221; sticky_enabled=&#8221;0&#8243;]<\/p>\n<p>Cranc Festival \u00e9s una manera de celebrar la m\u00fasica de prop. Un festival que neix a <a href=\"https:\/\/crancfestival.com\/ca\/menorca\/\">Menorca<\/a> i que avui es viu tamb\u00e9 a <a href=\"https:\/\/crancfestival.com\/ca\/mallorca\/\">Mallorca<\/a>, sempre amb la mateixa idea: <strong>gaudir de bones can\u00e7ons, descobrir nous artistes i compartir experi\u00e8ncies en llocs especials<\/strong>. <\/p>\n<p>La programaci\u00f3 de Cranc mescla propostes innovadores, nous descobriments, talent local i artistes consolidats, amb una mirada curiosa i oberta. Aqu\u00ed es ve a escoltar, a ballar i a trobar-se amb m\u00fasica que deixa empremta. <\/p>\n<p>L&#8217;entorn \u00e9s part fonamental de l&#8217;experi\u00e8ncia. Celebrar Cranc a illes no \u00e9s casualitat: Menorca i Mallorca aporten paisatge, ritme i personalitat. Els concerts i activitats tenen lloc a espais emblem\u00e0tics, on m\u00fasica, patrimoni i ciutat es troben i fan que cada edici\u00f3 sigui \u00fanica.  <\/p>\n<p>Cranc \u00e9s m\u00e9s que m\u00fasica. El <strong>festival es completa amb activitats paral\u00b7leles que inclouen propostes familiars, <a href=\"https:\/\/crancfestival.com\/ca\/cranc-pro\/\">trobades professionals<\/a> , gastronomia i continguts culturals<\/strong> com a documentals, fotografia o benestar. Un programa pensat per viure el festival de moltes maneres.  <\/p>\n<p>L&#8217;experi\u00e8ncia del p\u00fablic \u00e9s clau: formats cuidats, sense massificacions, amb una aposta clara per la sostenibilitat, el respecte pel medi ambient i l&#8217;accessibilitat, perqu\u00e8 tothom pugui gaudir.<\/p>\n<p><strong>Al 2026, Cranc celebra 10 anys.<\/strong> Deu anys creant comunitat, experi\u00e8ncies i records. Perqu\u00e8 qui ve a Cranc, repeteix. <br \/><strong><a href=\"https:\/\/www.ticketmaster.es\/artist\/cranc-festival-entradas\/1017507\" target=\"_blank\" rel=\"noopener\">Vine a celebrar-ho<\/a> i viu una experi\u00e8ncia 100% Cranc\u00e1stica. \ud83e\udd80\u2728<\/strong><\/p>\n<p>[\/et_pb_text][\/et_pb_column][et_pb_column type=&#8221;1_4&#8243; _builder_version=&#8221;4.24.0&#8243; _module_preset=&#8221;default&#8221; global_colors_info=&#8221;{}&#8221;][et_pb_image src=&#8221;https:\/\/crancfestival.com\/wp-content\/uploads\/2025\/12\/meteorit.webp&#8221; title_text=&#8221;cranc-sticker12&#8243; _builder_version=&#8221;4.27.4&#8243; _module_preset=&#8221;default&#8221; width=&#8221;160px&#8221; max_width=&#8221;100%&#8221; scroll_horizontal_motion_enable=&#8221;on&#8221; scroll_horizontal_motion=&#8221;0|50|50|100|1|0|-1&#8243; global_colors_info=&#8221;{}&#8221;][\/et_pb_image][et_pb_image src=&#8221;https:\/\/crancfestival.com\/wp-content\/uploads\/2025\/12\/satelite.webp&#8221; align=&#8221;right&#8221; _builder_version=&#8221;4.27.4&#8243; _module_preset=&#8221;default&#8221; width=&#8221;150px&#8221; scroll_rotating_enable=&#8221;on&#8221; scroll_rotating=&#8221;0|50|50|100|0\u00b0|0|30\u00b0&#8221; motion_trigger_start=&#8221;top&#8221; global_colors_info=&#8221;{}&#8221;][\/et_pb_image][et_pb_image src=&#8221;https:\/\/crancfestival.com\/wp-content\/uploads\/2025\/12\/estrella.webp&#8221; _builder_version=&#8221;4.27.4&#8243; _module_preset=&#8221;default&#8221; width=&#8221;60px&#8221; max_width=&#8221;100%&#8221; scroll_rotating_enable=&#8221;on&#8221; global_colors_info=&#8221;{}&#8221;][\/et_pb_image][et_pb_image src=&#8221;https:\/\/crancfestival.com\/wp-content\/uploads\/2025\/12\/cranc-nau.webp&#8221; _builder_version=&#8221;4.27.4&#8243; _module_preset=&#8221;default&#8221; scroll_vertical_motion_enable=&#8221;on&#8221; scroll_vertical_motion=&#8221;0|50|50|100|0|0|-1&#8243; scroll_rotating_enable=&#8221;on&#8221; scroll_rotating=&#8221;0|50|50|100|-10\u00b0|0|10\u00b0&#8221; global_colors_info=&#8221;{}&#8221;][\/et_pb_image][\/et_pb_column][\/et_pb_row][\/et_pb_section][et_pb_section fb_built=&#8221;1&#8243; _builder_version=&#8221;4.24.0&#8243; _module_preset=&#8221;default&#8221; global_colors_info=&#8221;{}&#8221;][et_pb_row _builder_version=&#8221;4.24.2&#8243; _module_preset=&#8221;default&#8221; global_colors_info=&#8221;{}&#8221;][et_pb_column type=&#8221;4_4&#8243; _builder_version=&#8221;4.24.2&#8243; _module_preset=&#8221;default&#8221; global_colors_info=&#8221;{}&#8221;][et_pb_image src=&#8221;https:\/\/crancfestival.com\/wp-content\/uploads\/2024\/03\/premio-festival-butique-2023-canc-festival.webp&#8221; alt=&#8221;Premi al millor Festival Boutique &#8211; Cranc&#8221; title_text=&#8221;Premi al millor Festival Boutique 2023&#8243; align=&#8221;center&#8221; _builder_version=&#8221;4.24.2&#8243; _module_preset=&#8221;default&#8221; global_colors_info=&#8221;{}&#8221;][\/et_pb_image][et_pb_text _builder_version=&#8221;4.24.2&#8243; _module_preset=&#8221;default&#8221; text_orientation=&#8221;center&#8221; global_colors_info=&#8221;{}&#8221;]<\/p>\n<p><a href=\"https:\/\/www.menorca.info\/menorca\/cultura\/2023\/10\/28\/2039437\/cranc-mejor-festival-boutique-galardones-fest.html\" target=\"_blank\" rel=\"noopener\">PREMIS FEST al millor Festival Boutique 2023<\/a>.<\/p>\n<p>[\/et_pb_text][\/et_pb_column][\/et_pb_row][\/et_pb_section]<\/p>\n","protected":false},"excerpt":{"rendered":"<p>About usCranc Festival \u00e9s una manera de celebrar la m\u00fasica de prop. Un festival que neix a Menorca i que avui es viu tamb\u00e9 a Mallorca, sempre amb la mateixa idea: gaudir de bones can\u00e7ons, descobrir nous artistes i compartir experi\u00e8ncies en llocs especials. La programaci\u00f3 de Cranc mescla propostes innovadores, nous descobriments, talent local [&hellip;]<\/p>\n","protected":false},"author":1,"featured_media":0,"parent":0,"menu_order":0,"comment_status":"closed","ping_status":"closed","template":"","meta":{"_et_pb_use_builder":"on","_et_pb_old_content":"","_et_gb_content_width":"","footnotes":""},"class_list":["post-701","page","type-page","status-publish","hentry"],"yoast_head":"<!-- This site is optimized with the Yoast SEO plugin v27.2 - https:\/\/yoast.com\/product\/yoast-seo-wordpress\/ -->\n<title>About us &#8226; Cranc Festival<\/title>\n<meta name=\"description\" content=\"Cranc Festival va sorgir amb l&#039;objectiu d&#039;ampliar l&#039;oferta cultural i musical de l&#039;illa amb artistes nacionals i internacionals\" \/>\n<meta name=\"robots\" content=\"index, follow, max-snippet:-1, max-image-preview:large, max-video-preview:-1\" \/>\n<link rel=\"canonical\" href=\"https:\/\/crancfestival.com\/ca\/about-us\/\" \/>\n<meta property=\"og:locale\" content=\"ca_ES\" \/>\n<meta property=\"og:type\" content=\"article\" \/>\n<meta property=\"og:title\" content=\"About us &#8226; Cranc Festival\" \/>\n<meta property=\"og:description\" content=\"Cranc Festival va sorgir amb l&#039;objectiu d&#039;ampliar l&#039;oferta cultural i musical de l&#039;illa amb artistes nacionals i internacionals\" \/>\n<meta property=\"og:url\" content=\"https:\/\/crancfestival.com\/ca\/about-us\/\" \/>\n<meta property=\"og:site_name\" content=\"Cranc Festival\" \/>\n<meta property=\"article:publisher\" content=\"https:\/\/www.facebook.com\/crancfestival\/\" \/>\n<meta property=\"article:modified_time\" content=\"2026-02-11T10:05:41+00:00\" \/>\n<meta name=\"twitter:card\" content=\"summary_large_image\" \/>\n<meta name=\"twitter:site\" content=\"@crancfestival\" \/>\n<meta name=\"twitter:label1\" content=\"Temps estimat de lectura\" \/>\n\t<meta name=\"twitter:data1\" content=\"1 minut\" \/>\n<script type=\"application\/ld+json\" class=\"yoast-schema-graph\">{\"@context\":\"https:\/\/schema.org\",\"@graph\":[{\"@type\":\"WebPage\",\"@id\":\"https:\/\/crancfestival.com\/ca\/about-us\/\",\"url\":\"https:\/\/crancfestival.com\/ca\/about-us\/\",\"name\":\"About us &#8226; Cranc Festival\",\"isPartOf\":{\"@id\":\"https:\/\/crancfestival.com\/ca\/#website\"},\"datePublished\":\"2024-02-20T08:33:48+00:00\",\"dateModified\":\"2026-02-11T10:05:41+00:00\",\"description\":\"Cranc Festival va sorgir amb l'objectiu d'ampliar l'oferta cultural i musical de l'illa amb artistes nacionals i internacionals\",\"breadcrumb\":{\"@id\":\"https:\/\/crancfestival.com\/ca\/about-us\/#breadcrumb\"},\"inLanguage\":\"ca\",\"potentialAction\":[{\"@type\":\"ReadAction\",\"target\":[\"https:\/\/crancfestival.com\/ca\/about-us\/\"]}]},{\"@type\":\"BreadcrumbList\",\"@id\":\"https:\/\/crancfestival.com\/ca\/about-us\/#breadcrumb\",\"itemListElement\":[{\"@type\":\"ListItem\",\"position\":1,\"name\":\"Portada\",\"item\":\"https:\/\/crancfestival.com\/ca\/cranc-festival-illes-balears\/\"},{\"@type\":\"ListItem\",\"position\":2,\"name\":\"About us\"}]},{\"@type\":\"WebSite\",\"@id\":\"https:\/\/crancfestival.com\/ca\/#website\",\"url\":\"https:\/\/crancfestival.com\/ca\/\",\"name\":\"Cranc Festival\",\"description\":\"Festival M\u00fasica Menorca &amp; Mallorca\",\"publisher\":{\"@id\":\"https:\/\/crancfestival.com\/ca\/#organization\"},\"potentialAction\":[{\"@type\":\"SearchAction\",\"target\":{\"@type\":\"EntryPoint\",\"urlTemplate\":\"https:\/\/crancfestival.com\/ca\/?s={search_term_string}\"},\"query-input\":{\"@type\":\"PropertyValueSpecification\",\"valueRequired\":true,\"valueName\":\"search_term_string\"}}],\"inLanguage\":\"ca\"},{\"@type\":\"Organization\",\"@id\":\"https:\/\/crancfestival.com\/ca\/#organization\",\"name\":\"Cranc Festival\",\"url\":\"https:\/\/crancfestival.com\/ca\/\",\"logo\":{\"@type\":\"ImageObject\",\"inLanguage\":\"ca\",\"@id\":\"https:\/\/crancfestival.com\/ca\/#\/schema\/logo\/image\/\",\"url\":\"https:\/\/crancfestival.com\/wp-content\/uploads\/2024\/02\/cranc-festival-logo-150.webp\",\"contentUrl\":\"https:\/\/crancfestival.com\/wp-content\/uploads\/2024\/02\/cranc-festival-logo-150.webp\",\"width\":127,\"height\":150,\"caption\":\"Cranc Festival\"},\"image\":{\"@id\":\"https:\/\/crancfestival.com\/ca\/#\/schema\/logo\/image\/\"},\"sameAs\":[\"https:\/\/www.facebook.com\/crancfestival\/\",\"https:\/\/x.com\/crancfestival\",\"https:\/\/www.instagram.com\/crancfestival\/\",\"https:\/\/open.spotify.com\/user\/2yrxvv8ld4ewgo2w9dc48qgwh\"]}]}<\/script>\n<!-- \/ Yoast SEO plugin. -->","yoast_head_json":{"title":"About us &#8226; Cranc Festival","description":"Cranc Festival va sorgir amb l'objectiu d'ampliar l'oferta cultural i musical de l'illa amb artistes nacionals i internacionals","robots":{"index":"index","follow":"follow","max-snippet":"max-snippet:-1","max-image-preview":"max-image-preview:large","max-video-preview":"max-video-preview:-1"},"canonical":"https:\/\/crancfestival.com\/ca\/about-us\/","og_locale":"ca_ES","og_type":"article","og_title":"About us &#8226; Cranc Festival","og_description":"Cranc Festival va sorgir amb l'objectiu d'ampliar l'oferta cultural i musical de l'illa amb artistes nacionals i internacionals","og_url":"https:\/\/crancfestival.com\/ca\/about-us\/","og_site_name":"Cranc Festival","article_publisher":"https:\/\/www.facebook.com\/crancfestival\/","article_modified_time":"2026-02-11T10:05:41+00:00","twitter_card":"summary_large_image","twitter_site":"@crancfestival","twitter_misc":{"Temps estimat de lectura":"1 minut"},"schema":{"@context":"https:\/\/schema.org","@graph":[{"@type":"WebPage","@id":"https:\/\/crancfestival.com\/ca\/about-us\/","url":"https:\/\/crancfestival.com\/ca\/about-us\/","name":"About us &#8226; Cranc Festival","isPartOf":{"@id":"https:\/\/crancfestival.com\/ca\/#website"},"datePublished":"2024-02-20T08:33:48+00:00","dateModified":"2026-02-11T10:05:41+00:00","description":"Cranc Festival va sorgir amb l'objectiu d'ampliar l'oferta cultural i musical de l'illa amb artistes nacionals i internacionals","breadcrumb":{"@id":"https:\/\/crancfestival.com\/ca\/about-us\/#breadcrumb"},"inLanguage":"ca","potentialAction":[{"@type":"ReadAction","target":["https:\/\/crancfestival.com\/ca\/about-us\/"]}]},{"@type":"BreadcrumbList","@id":"https:\/\/crancfestival.com\/ca\/about-us\/#breadcrumb","itemListElement":[{"@type":"ListItem","position":1,"name":"Portada","item":"https:\/\/crancfestival.com\/ca\/cranc-festival-illes-balears\/"},{"@type":"ListItem","position":2,"name":"About us"}]},{"@type":"WebSite","@id":"https:\/\/crancfestival.com\/ca\/#website","url":"https:\/\/crancfestival.com\/ca\/","name":"Cranc Festival","description":"Festival M\u00fasica Menorca &amp; Mallorca","publisher":{"@id":"https:\/\/crancfestival.com\/ca\/#organization"},"potentialAction":[{"@type":"SearchAction","target":{"@type":"EntryPoint","urlTemplate":"https:\/\/crancfestival.com\/ca\/?s={search_term_string}"},"query-input":{"@type":"PropertyValueSpecification","valueRequired":true,"valueName":"search_term_string"}}],"inLanguage":"ca"},{"@type":"Organization","@id":"https:\/\/crancfestival.com\/ca\/#organization","name":"Cranc Festival","url":"https:\/\/crancfestival.com\/ca\/","logo":{"@type":"ImageObject","inLanguage":"ca","@id":"https:\/\/crancfestival.com\/ca\/#\/schema\/logo\/image\/","url":"https:\/\/crancfestival.com\/wp-content\/uploads\/2024\/02\/cranc-festival-logo-150.webp","contentUrl":"https:\/\/crancfestival.com\/wp-content\/uploads\/2024\/02\/cranc-festival-logo-150.webp","width":127,"height":150,"caption":"Cranc Festival"},"image":{"@id":"https:\/\/crancfestival.com\/ca\/#\/schema\/logo\/image\/"},"sameAs":["https:\/\/www.facebook.com\/crancfestival\/","https:\/\/x.com\/crancfestival","https:\/\/www.instagram.com\/crancfestival\/","https:\/\/open.spotify.com\/user\/2yrxvv8ld4ewgo2w9dc48qgwh"]}]}},"_links":{"self":[{"href":"https:\/\/crancfestival.com\/ca\/wp-json\/wp\/v2\/pages\/701","targetHints":{"allow":["GET"]}}],"collection":[{"href":"https:\/\/crancfestival.com\/ca\/wp-json\/wp\/v2\/pages"}],"about":[{"href":"https:\/\/crancfestival.com\/ca\/wp-json\/wp\/v2\/types\/page"}],"author":[{"embeddable":true,"href":"https:\/\/crancfestival.com\/ca\/wp-json\/wp\/v2\/users\/1"}],"replies":[{"embeddable":true,"href":"https:\/\/crancfestival.com\/ca\/wp-json\/wp\/v2\/comments?post=701"}],"version-history":[{"count":5,"href":"https:\/\/crancfestival.com\/ca\/wp-json\/wp\/v2\/pages\/701\/revisions"}],"predecessor-version":[{"id":3881,"href":"https:\/\/crancfestival.com\/ca\/wp-json\/wp\/v2\/pages\/701\/revisions\/3881"}],"wp:attachment":[{"href":"https:\/\/crancfestival.com\/ca\/wp-json\/wp\/v2\/media?parent=701"}],"curies":[{"name":"wp","href":"https:\/\/api.w.org\/{rel}","templated":true}]}}