{"id":579,"date":"2024-02-20T12:43:08","date_gmt":"2024-02-20T11:43:08","guid":{"rendered":"https:\/\/new.crancfestival.com\/contacto\/"},"modified":"2024-12-12T12:06:04","modified_gmt":"2024-12-12T11:06:04","slug":"contacte","status":"publish","type":"page","link":"https:\/\/crancfestival.com\/ca\/contacte\/","title":{"rendered":"Contacte"},"content":{"rendered":"<p>[et_pb_section fb_built=&#8221;1&#8243; _builder_version=&#8221;4.24.0&#8243; _module_preset=&#8221;default&#8221; global_colors_info=&#8221;{}&#8221;][et_pb_row _builder_version=&#8221;4.24.0&#8243; _module_preset=&#8221;default&#8221; global_colors_info=&#8221;{}&#8221;][et_pb_column type=&#8221;4_4&#8243; _builder_version=&#8221;4.24.0&#8243; _module_preset=&#8221;default&#8221; global_colors_info=&#8221;{}&#8221;][et_pb_text _builder_version=&#8221;4.27.4&#8243; _module_preset=&#8221;default&#8221; text_orientation=&#8221;center&#8221; hover_enabled=&#8221;0&#8243; global_colors_info=&#8221;{}&#8221; sticky_enabled=&#8221;0&#8243;]<\/p>\n<h1 class=\"uppercase\">Contacte<\/h1>\n<p>[\/et_pb_text][et_pb_text _builder_version=&#8221;4.24.0&#8243; _module_preset=&#8221;default&#8221; text_orientation=&#8221;center&#8221; global_colors_info=&#8221;{}&#8221;]<\/p>\n<h2>Tens dubtes?<\/h2>\n<p>Pots contactar amb nosaltres en el nostre email:<br \/><a href=\"mailto:info@crancfestival.com\">info@crancfestival.com<\/a><\/p>\n<p>[\/et_pb_text][\/et_pb_column][\/et_pb_row][et_pb_row _builder_version=&#8221;4.24.0&#8243; _module_preset=&#8221;default&#8221; global_colors_info=&#8221;{}&#8221;][et_pb_column type=&#8221;4_4&#8243; _builder_version=&#8221;4.24.0&#8243; _module_preset=&#8221;default&#8221; global_colors_info=&#8221;{}&#8221;][et_pb_cta title=&#8221;FAQs&#8221; button_url=&#8221;@ET-DC@eyJkeW5hbWljIjp0cnVlLCJjb250ZW50IjoicG9zdF9saW5rX3VybF9wYWdlIiwic2V0dGluZ3MiOnsicG9zdF9pZCI6IjMyMiJ9fQ==@&#8221; button_text=&#8221;Veure les FAQs&#8221; module_class=&#8221;promo-large&#8221; _builder_version=&#8221;4.27.4&#8243; _dynamic_attributes=&#8221;button_url&#8221; _module_preset=&#8221;default&#8221; hover_enabled=&#8221;0&#8243; global_colors_info=&#8221;{}&#8221; background_color=&#8221;#1D1D1B&#8221; sticky_enabled=&#8221;0&#8243;]<\/p>\n<p>En la nostra p\u00e0gina de FAQs contestem a les preguntes m\u00e9s freq\u00fcents sobre el <strong>Cranc Festival<\/strong><\/p>\n<p>[\/et_pb_cta][\/et_pb_column][\/et_pb_row][\/et_pb_section]<\/p>\n","protected":false},"excerpt":{"rendered":"<p>ContacteTens dubtes? Pots contactar amb nosaltres en el nostre email:info@crancfestival.comEn la nostra p\u00e0gina de FAQs contestem a les preguntes m\u00e9s freq\u00fcents sobre el Cranc Festival<\/p>\n","protected":false},"author":1,"featured_media":0,"parent":0,"menu_order":0,"comment_status":"closed","ping_status":"closed","template":"","meta":{"_et_pb_use_builder":"on","_et_pb_old_content":"","_et_gb_content_width":"","footnotes":""},"class_list":["post-579","page","type-page","status-publish","hentry"],"yoast_head":"<!-- This site is optimized with the Yoast SEO plugin v27.2 - https:\/\/yoast.com\/product\/yoast-seo-wordpress\/ -->\n<title>Contacte &#8226; Cranc Festival<\/title>\n<meta name=\"description\" content=\"Si tens qualsevol dubte sobre el Cranc Festival posa&#039;t en contacte amb nosaltres i resoldrem les teves preguntes\" \/>\n<meta name=\"robots\" content=\"index, follow, max-snippet:-1, max-image-preview:large, max-video-preview:-1\" \/>\n<link rel=\"canonical\" href=\"https:\/\/crancfestival.com\/ca\/contacte\/\" \/>\n<meta property=\"og:locale\" content=\"ca_ES\" \/>\n<meta property=\"og:type\" content=\"article\" \/>\n<meta property=\"og:title\" content=\"Contacte &#8226; Cranc Festival\" \/>\n<meta property=\"og:description\" content=\"Si tens qualsevol dubte sobre el Cranc Festival posa&#039;t en contacte amb nosaltres i resoldrem les teves preguntes\" \/>\n<meta property=\"og:url\" content=\"https:\/\/crancfestival.com\/ca\/contacte\/\" \/>\n<meta property=\"og:site_name\" content=\"Cranc Festival\" \/>\n<meta property=\"article:publisher\" content=\"https:\/\/www.facebook.com\/crancfestival\/\" \/>\n<meta property=\"article:modified_time\" content=\"2024-12-12T11:06:04+00:00\" \/>\n<meta name=\"twitter:card\" content=\"summary_large_image\" \/>\n<meta name=\"twitter:site\" content=\"@crancfestival\" \/>\n<meta name=\"twitter:label1\" content=\"Temps estimat de lectura\" \/>\n\t<meta name=\"twitter:data1\" content=\"1 minut\" \/>\n<script type=\"application\/ld+json\" class=\"yoast-schema-graph\">{\"@context\":\"https:\/\/schema.org\",\"@graph\":[{\"@type\":\"WebPage\",\"@id\":\"https:\/\/crancfestival.com\/ca\/contacte\/\",\"url\":\"https:\/\/crancfestival.com\/ca\/contacte\/\",\"name\":\"Contacte &#8226; Cranc Festival\",\"isPartOf\":{\"@id\":\"https:\/\/crancfestival.com\/ca\/#website\"},\"datePublished\":\"2024-02-20T11:43:08+00:00\",\"dateModified\":\"2024-12-12T11:06:04+00:00\",\"description\":\"Si tens qualsevol dubte sobre el Cranc Festival posa't en contacte amb nosaltres i resoldrem les teves preguntes\",\"breadcrumb\":{\"@id\":\"https:\/\/crancfestival.com\/ca\/contacte\/#breadcrumb\"},\"inLanguage\":\"ca\",\"potentialAction\":[{\"@type\":\"ReadAction\",\"target\":[\"https:\/\/crancfestival.com\/ca\/contacte\/\"]}]},{\"@type\":\"BreadcrumbList\",\"@id\":\"https:\/\/crancfestival.com\/ca\/contacte\/#breadcrumb\",\"itemListElement\":[{\"@type\":\"ListItem\",\"position\":1,\"name\":\"Portada\",\"item\":\"https:\/\/crancfestival.com\/ca\/cranc-festival-illes-balears\/\"},{\"@type\":\"ListItem\",\"position\":2,\"name\":\"Contacte\"}]},{\"@type\":\"WebSite\",\"@id\":\"https:\/\/crancfestival.com\/ca\/#website\",\"url\":\"https:\/\/crancfestival.com\/ca\/\",\"name\":\"Cranc Festival\",\"description\":\"Festival M\u00fasica Menorca &amp; Mallorca\",\"publisher\":{\"@id\":\"https:\/\/crancfestival.com\/ca\/#organization\"},\"potentialAction\":[{\"@type\":\"SearchAction\",\"target\":{\"@type\":\"EntryPoint\",\"urlTemplate\":\"https:\/\/crancfestival.com\/ca\/?s={search_term_string}\"},\"query-input\":{\"@type\":\"PropertyValueSpecification\",\"valueRequired\":true,\"valueName\":\"search_term_string\"}}],\"inLanguage\":\"ca\"},{\"@type\":\"Organization\",\"@id\":\"https:\/\/crancfestival.com\/ca\/#organization\",\"name\":\"Cranc Festival\",\"url\":\"https:\/\/crancfestival.com\/ca\/\",\"logo\":{\"@type\":\"ImageObject\",\"inLanguage\":\"ca\",\"@id\":\"https:\/\/crancfestival.com\/ca\/#\/schema\/logo\/image\/\",\"url\":\"https:\/\/crancfestival.com\/wp-content\/uploads\/2024\/02\/cranc-festival-logo-150.webp\",\"contentUrl\":\"https:\/\/crancfestival.com\/wp-content\/uploads\/2024\/02\/cranc-festival-logo-150.webp\",\"width\":127,\"height\":150,\"caption\":\"Cranc Festival\"},\"image\":{\"@id\":\"https:\/\/crancfestival.com\/ca\/#\/schema\/logo\/image\/\"},\"sameAs\":[\"https:\/\/www.facebook.com\/crancfestival\/\",\"https:\/\/x.com\/crancfestival\",\"https:\/\/www.instagram.com\/crancfestival\/\",\"https:\/\/open.spotify.com\/user\/2yrxvv8ld4ewgo2w9dc48qgwh\"]}]}<\/script>\n<!-- \/ Yoast SEO plugin. -->","yoast_head_json":{"title":"Contacte &#8226; Cranc Festival","description":"Si tens qualsevol dubte sobre el Cranc Festival posa't en contacte amb nosaltres i resoldrem les teves preguntes","robots":{"index":"index","follow":"follow","max-snippet":"max-snippet:-1","max-image-preview":"max-image-preview:large","max-video-preview":"max-video-preview:-1"},"canonical":"https:\/\/crancfestival.com\/ca\/contacte\/","og_locale":"ca_ES","og_type":"article","og_title":"Contacte &#8226; Cranc Festival","og_description":"Si tens qualsevol dubte sobre el Cranc Festival posa't en contacte amb nosaltres i resoldrem les teves preguntes","og_url":"https:\/\/crancfestival.com\/ca\/contacte\/","og_site_name":"Cranc Festival","article_publisher":"https:\/\/www.facebook.com\/crancfestival\/","article_modified_time":"2024-12-12T11:06:04+00:00","twitter_card":"summary_large_image","twitter_site":"@crancfestival","twitter_misc":{"Temps estimat de lectura":"1 minut"},"schema":{"@context":"https:\/\/schema.org","@graph":[{"@type":"WebPage","@id":"https:\/\/crancfestival.com\/ca\/contacte\/","url":"https:\/\/crancfestival.com\/ca\/contacte\/","name":"Contacte &#8226; Cranc Festival","isPartOf":{"@id":"https:\/\/crancfestival.com\/ca\/#website"},"datePublished":"2024-02-20T11:43:08+00:00","dateModified":"2024-12-12T11:06:04+00:00","description":"Si tens qualsevol dubte sobre el Cranc Festival posa't en contacte amb nosaltres i resoldrem les teves preguntes","breadcrumb":{"@id":"https:\/\/crancfestival.com\/ca\/contacte\/#breadcrumb"},"inLanguage":"ca","potentialAction":[{"@type":"ReadAction","target":["https:\/\/crancfestival.com\/ca\/contacte\/"]}]},{"@type":"BreadcrumbList","@id":"https:\/\/crancfestival.com\/ca\/contacte\/#breadcrumb","itemListElement":[{"@type":"ListItem","position":1,"name":"Portada","item":"https:\/\/crancfestival.com\/ca\/cranc-festival-illes-balears\/"},{"@type":"ListItem","position":2,"name":"Contacte"}]},{"@type":"WebSite","@id":"https:\/\/crancfestival.com\/ca\/#website","url":"https:\/\/crancfestival.com\/ca\/","name":"Cranc Festival","description":"Festival M\u00fasica Menorca &amp; Mallorca","publisher":{"@id":"https:\/\/crancfestival.com\/ca\/#organization"},"potentialAction":[{"@type":"SearchAction","target":{"@type":"EntryPoint","urlTemplate":"https:\/\/crancfestival.com\/ca\/?s={search_term_string}"},"query-input":{"@type":"PropertyValueSpecification","valueRequired":true,"valueName":"search_term_string"}}],"inLanguage":"ca"},{"@type":"Organization","@id":"https:\/\/crancfestival.com\/ca\/#organization","name":"Cranc Festival","url":"https:\/\/crancfestival.com\/ca\/","logo":{"@type":"ImageObject","inLanguage":"ca","@id":"https:\/\/crancfestival.com\/ca\/#\/schema\/logo\/image\/","url":"https:\/\/crancfestival.com\/wp-content\/uploads\/2024\/02\/cranc-festival-logo-150.webp","contentUrl":"https:\/\/crancfestival.com\/wp-content\/uploads\/2024\/02\/cranc-festival-logo-150.webp","width":127,"height":150,"caption":"Cranc Festival"},"image":{"@id":"https:\/\/crancfestival.com\/ca\/#\/schema\/logo\/image\/"},"sameAs":["https:\/\/www.facebook.com\/crancfestival\/","https:\/\/x.com\/crancfestival","https:\/\/www.instagram.com\/crancfestival\/","https:\/\/open.spotify.com\/user\/2yrxvv8ld4ewgo2w9dc48qgwh"]}]}},"_links":{"self":[{"href":"https:\/\/crancfestival.com\/ca\/wp-json\/wp\/v2\/pages\/579","targetHints":{"allow":["GET"]}}],"collection":[{"href":"https:\/\/crancfestival.com\/ca\/wp-json\/wp\/v2\/pages"}],"about":[{"href":"https:\/\/crancfestival.com\/ca\/wp-json\/wp\/v2\/types\/page"}],"author":[{"embeddable":true,"href":"https:\/\/crancfestival.com\/ca\/wp-json\/wp\/v2\/users\/1"}],"replies":[{"embeddable":true,"href":"https:\/\/crancfestival.com\/ca\/wp-json\/wp\/v2\/comments?post=579"}],"version-history":[{"count":5,"href":"https:\/\/crancfestival.com\/ca\/wp-json\/wp\/v2\/pages\/579\/revisions"}],"predecessor-version":[{"id":2617,"href":"https:\/\/crancfestival.com\/ca\/wp-json\/wp\/v2\/pages\/579\/revisions\/2617"}],"wp:attachment":[{"href":"https:\/\/crancfestival.com\/ca\/wp-json\/wp\/v2\/media?parent=579"}],"curies":[{"name":"wp","href":"https:\/\/api.w.org\/{rel}","templated":true}]}}