{"id":538,"date":"2024-02-21T12:43:36","date_gmt":"2024-02-21T11:43:36","guid":{"rendered":"https:\/\/new.crancfestival.com\/cranc-pro\/"},"modified":"2026-04-28T14:27:30","modified_gmt":"2026-04-28T12:27:30","slug":"cranc-pro","status":"publish","type":"page","link":"https:\/\/crancfestival.com\/ca\/cranc-pro\/","title":{"rendered":"Cranc Pro"},"content":{"rendered":"<p>[et_pb_section fb_built=&#8221;1&#8243; _builder_version=&#8221;4.27.6&#8243; _module_preset=&#8221;default&#8221; background_color=&#8221;#fd93d5&#8243; global_colors_info=&#8221;{}&#8221;][et_pb_row column_structure=&#8221;1_2,1_2&#8243; make_equal=&#8221;on&#8221; module_class=&#8221;align-center&#8221; _builder_version=&#8221;4.27.6&#8243; _module_preset=&#8221;default&#8221; global_colors_info=&#8221;{}&#8221;][et_pb_column type=&#8221;1_2&#8243; _builder_version=&#8221;4.27.6&#8243; _module_preset=&#8221;default&#8221; global_colors_info=&#8221;{}&#8221;][et_pb_text _builder_version=&#8221;4.27.6&#8243; _module_preset=&#8221;default&#8221; global_colors_info=&#8221;{}&#8221;]<\/p>\n<h1 class=\"seo-pagetitle\">Cranc Pro<\/h1>\n<p>[\/et_pb_text][et_pb_image src=&#8221;https:\/\/crancfestival.com\/wp-content\/uploads\/2026\/04\/cranc-pro-mallorca-2026.webp&#8221; alt=&#8221;Cranc Pro Mallorca 2026&#8243; title_text=&#8221;Cranc Pro Mallorca 2026&#8243; _builder_version=&#8221;4.27.6&#8243; _module_preset=&#8221;default&#8221; global_colors_info=&#8221;{}&#8221;][\/et_pb_image][\/et_pb_column][et_pb_column type=&#8221;1_2&#8243; _builder_version=&#8221;4.27.6&#8243; _module_preset=&#8221;default&#8221; global_colors_info=&#8221;{}&#8221;][et_pb_text _builder_version=&#8221;4.27.6&#8243; _module_preset=&#8221;default&#8221; global_colors_info=&#8221;{}&#8221;]<\/p>\n<p>Us donem la benvinguda al <strong>CRANC PRO<\/strong>, l\u2019espai del Cranc Illa de Menorca Festival que tracta de jornades professionals amb experts del sector musical i showcases de diferents segells discogr\u00e0fics que permetran interactuar a la ind\u00fastria musical balear (<strong>que no pari la m\u00fasica!<\/strong>) amb programadors tant nacionals com internacionals.<\/p>\n<p>[\/et_pb_text][\/et_pb_column][\/et_pb_row][et_pb_row column_structure=&#8221;1_2,1_2&#8243; use_custom_gutter=&#8221;on&#8221; gutter_width=&#8221;2&#8243; _builder_version=&#8221;4.27.6&#8243; _module_preset=&#8221;default&#8221; global_colors_info=&#8221;{}&#8221;][et_pb_column type=&#8221;1_2&#8243; _builder_version=&#8221;4.27.6&#8243; _module_preset=&#8221;default&#8221; global_colors_info=&#8221;{}&#8221;][et_pb_image src=&#8221;https:\/\/crancfestival.com\/wp-content\/uploads\/2026\/04\/dijous-1-cranc-pro-mallorca-2026.webp&#8221; alt=&#8221;Dijous Cranc Pro Mallorca 2026&#8243; title_text=&#8221;Dijous Cranc Pro Mallorca 2026&#8243; show_in_lightbox=&#8221;on&#8221; _builder_version=&#8221;4.27.6&#8243; _module_preset=&#8221;default&#8221; global_colors_info=&#8221;{}&#8221;][\/et_pb_image][\/et_pb_column][et_pb_column type=&#8221;1_2&#8243; _builder_version=&#8221;4.27.6&#8243; _module_preset=&#8221;default&#8221; global_colors_info=&#8221;{}&#8221;][et_pb_image src=&#8221;https:\/\/crancfestival.com\/wp-content\/uploads\/2026\/04\/dijous-4-cranc-pro-mallorca-2026.webp&#8221; alt=&#8221;Dijous Cranc Pro Mallorca 2026&#8243; title_text=&#8221;Dijous Cranc Pro Mallorca 2026&#8243; show_in_lightbox=&#8221;on&#8221; _builder_version=&#8221;4.27.6&#8243; _module_preset=&#8221;default&#8221; global_colors_info=&#8221;{}&#8221;][\/et_pb_image][\/et_pb_column][\/et_pb_row][et_pb_row column_structure=&#8221;1_2,1_2&#8243; use_custom_gutter=&#8221;on&#8221; gutter_width=&#8221;2&#8243; _builder_version=&#8221;4.27.6&#8243; _module_preset=&#8221;default&#8221; global_colors_info=&#8221;{}&#8221;][et_pb_column type=&#8221;1_2&#8243; _builder_version=&#8221;4.27.6&#8243; _module_preset=&#8221;default&#8221; global_colors_info=&#8221;{}&#8221;][et_pb_image src=&#8221;https:\/\/crancfestival.com\/wp-content\/uploads\/2026\/04\/dijous-3-cranc-pro-mallorca-2026.webp&#8221; alt=&#8221;Dijous Cranc Pro Mallorca 2026&#8243; title_text=&#8221;Dijous Cranc Pro Mallorca 2026&#8243; show_in_lightbox=&#8221;on&#8221; _builder_version=&#8221;4.27.6&#8243; _module_preset=&#8221;default&#8221; global_colors_info=&#8221;{}&#8221;][\/et_pb_image][\/et_pb_column][et_pb_column type=&#8221;1_2&#8243; _builder_version=&#8221;4.27.6&#8243; _module_preset=&#8221;default&#8221; global_colors_info=&#8221;{}&#8221;][et_pb_image src=&#8221;https:\/\/crancfestival.com\/wp-content\/uploads\/2026\/04\/dijous-2-cranc-pro-mallorca-2026.webp&#8221; alt=&#8221;Dijous Cranc Pro Mallorca 2026&#8243; title_text=&#8221;Dijous Cranc Pro Mallorca 2026&#8243; show_in_lightbox=&#8221;on&#8221; _builder_version=&#8221;4.27.6&#8243; _module_preset=&#8221;default&#8221; global_colors_info=&#8221;{}&#8221;][\/et_pb_image][\/et_pb_column][\/et_pb_row][et_pb_row column_structure=&#8221;1_2,1_2&#8243; use_custom_gutter=&#8221;on&#8221; gutter_width=&#8221;2&#8243; _builder_version=&#8221;4.27.6&#8243; _module_preset=&#8221;default&#8221; global_colors_info=&#8221;{}&#8221;][et_pb_column type=&#8221;1_2&#8243; _builder_version=&#8221;4.27.6&#8243; _module_preset=&#8221;default&#8221; global_colors_info=&#8221;{}&#8221;][et_pb_image src=&#8221;https:\/\/crancfestival.com\/wp-content\/uploads\/2026\/04\/dissabte-1-cranc-pro-mallorca-2026.webp&#8221; alt=&#8221;Dissabte Cranc Pro Mallorca 2026&#8243; title_text=&#8221;Dissabte Cranc Pro Mallorca 2026&#8243; show_in_lightbox=&#8221;on&#8221; _builder_version=&#8221;4.27.6&#8243; _module_preset=&#8221;default&#8221; global_colors_info=&#8221;{}&#8221;][\/et_pb_image][\/et_pb_column][et_pb_column type=&#8221;1_2&#8243; _builder_version=&#8221;4.27.6&#8243; _module_preset=&#8221;default&#8221; global_colors_info=&#8221;{}&#8221;][et_pb_image src=&#8221;https:\/\/crancfestival.com\/wp-content\/uploads\/2026\/04\/dissabte-2-cranc-pro-mallorca-2026.webp&#8221; alt=&#8221;Dissabte Cranc Pro Mallorca 2026&#8243; title_text=&#8221;Dissabte Cranc Pro Mallorca 2026&#8243; show_in_lightbox=&#8221;on&#8221; _builder_version=&#8221;4.27.6&#8243; _module_preset=&#8221;default&#8221; global_colors_info=&#8221;{}&#8221;][\/et_pb_image][\/et_pb_column][\/et_pb_row][et_pb_row _builder_version=&#8221;4.24.3&#8243; _module_preset=&#8221;default&#8221; global_colors_info=&#8221;{}&#8221;][et_pb_column type=&#8221;4_4&#8243; _builder_version=&#8221;4.24.0&#8243; _module_preset=&#8221;default&#8221; global_colors_info=&#8221;{}&#8221;][et_pb_cta title=&#8221;No et quedis fora!&#8221; button_url=&#8221;https:\/\/i-sml.mtrbio.com\/public\/smartlink\/crancillademenorcafestival&#8221; url_new_window=&#8221;on&#8221; button_text=&#8221;Inscriu-te!&#8221; disabled_on=&#8221;on|on|on&#8221; _builder_version=&#8221;4.27.6&#8243; _module_preset=&#8221;default&#8221; disabled=&#8221;on&#8221; global_colors_info=&#8221;{}&#8221;]<\/p>\n<p>Eh, tu! T&#8217;agrada la m\u00fasica, la mar i descobrir el que hi ha darrere dels grans festivals? Llavors, no et pots perdre les nostres <br \/><strong>jornades online del Cranc PRO el pr\u00f2xim 25 de setembre<\/strong>! \ufe0f  <\/p>\n<p>Amb 4 bandes balears per a deixar anar tot sobre els reptes de tocar fora i dins de les illes (spoiler: no \u00e9s tan f\u00e0cil com sembla), una xerrada amb Per la Mar Viva per a aprendre a protegir el Mediterrani, i un debat sobre el fenomen del Flow Llat\u00ed<\/p>\n<p>Inscriu-te ja i uneix-te a la conversa. Ens veiem online! <\/p>\n<p>[\/et_pb_cta][\/et_pb_column][\/et_pb_row][\/et_pb_section]<\/p>\n","protected":false},"excerpt":{"rendered":"<p>Cranc ProUs donem la benvinguda al CRANC PRO, l\u2019espai del Cranc Illa de Menorca Festival que tracta de jornades professionals amb experts del sector musical i showcases de diferents segells discogr\u00e0fics que permetran interactuar a la ind\u00fastria musical balear (que no pari la m\u00fasica!) amb programadors tant nacionals com internacionals.Eh, tu! T&#8217;agrada la m\u00fasica, la [&hellip;]<\/p>\n","protected":false},"author":1,"featured_media":0,"parent":0,"menu_order":0,"comment_status":"closed","ping_status":"closed","template":"","meta":{"_et_pb_use_builder":"on","_et_pb_old_content":"","_et_gb_content_width":"","footnotes":""},"class_list":["post-538","page","type-page","status-publish","hentry"],"yoast_head":"<!-- This site is optimized with the Yoast SEO plugin v27.2 - https:\/\/yoast.com\/product\/yoast-seo-wordpress\/ -->\n<title>Cranc Pro &#8226; Cranc Festival<\/title>\n<meta name=\"description\" content=\"Cranc Pro, l\u2019espai del Cranc Festival que tracta de jornades professionals amb experts del sector musical\" \/>\n<meta name=\"robots\" content=\"index, follow, max-snippet:-1, max-image-preview:large, max-video-preview:-1\" \/>\n<link rel=\"canonical\" href=\"https:\/\/crancfestival.com\/ca\/cranc-pro\/\" \/>\n<meta property=\"og:locale\" content=\"ca_ES\" \/>\n<meta property=\"og:type\" content=\"article\" \/>\n<meta property=\"og:title\" content=\"Cranc Pro &#8226; Cranc Festival\" \/>\n<meta property=\"og:description\" content=\"Cranc Pro, l\u2019espai del Cranc Festival que tracta de jornades professionals amb experts del sector musical\" \/>\n<meta property=\"og:url\" content=\"https:\/\/crancfestival.com\/ca\/cranc-pro\/\" \/>\n<meta property=\"og:site_name\" content=\"Cranc Festival\" \/>\n<meta property=\"article:publisher\" content=\"https:\/\/www.facebook.com\/crancfestival\/\" \/>\n<meta property=\"article:modified_time\" content=\"2026-04-28T12:27:30+00:00\" \/>\n<meta name=\"twitter:card\" content=\"summary_large_image\" \/>\n<meta name=\"twitter:site\" content=\"@crancfestival\" \/>\n<meta name=\"twitter:label1\" content=\"Temps estimat de lectura\" \/>\n\t<meta name=\"twitter:data1\" content=\"2 minuts\" \/>\n<script type=\"application\/ld+json\" class=\"yoast-schema-graph\">{\"@context\":\"https:\/\/schema.org\",\"@graph\":[{\"@type\":\"WebPage\",\"@id\":\"https:\/\/crancfestival.com\/ca\/cranc-pro\/\",\"url\":\"https:\/\/crancfestival.com\/ca\/cranc-pro\/\",\"name\":\"Cranc Pro &#8226; Cranc Festival\",\"isPartOf\":{\"@id\":\"https:\/\/crancfestival.com\/ca\/#website\"},\"datePublished\":\"2024-02-21T11:43:36+00:00\",\"dateModified\":\"2026-04-28T12:27:30+00:00\",\"description\":\"Cranc Pro, l\u2019espai del Cranc Festival que tracta de jornades professionals amb experts del sector musical\",\"breadcrumb\":{\"@id\":\"https:\/\/crancfestival.com\/ca\/cranc-pro\/#breadcrumb\"},\"inLanguage\":\"ca\",\"potentialAction\":[{\"@type\":\"ReadAction\",\"target\":[\"https:\/\/crancfestival.com\/ca\/cranc-pro\/\"]}]},{\"@type\":\"BreadcrumbList\",\"@id\":\"https:\/\/crancfestival.com\/ca\/cranc-pro\/#breadcrumb\",\"itemListElement\":[{\"@type\":\"ListItem\",\"position\":1,\"name\":\"Portada\",\"item\":\"https:\/\/crancfestival.com\/ca\/cranc-festival-illes-balears\/\"},{\"@type\":\"ListItem\",\"position\":2,\"name\":\"Cranc Pro\"}]},{\"@type\":\"WebSite\",\"@id\":\"https:\/\/crancfestival.com\/ca\/#website\",\"url\":\"https:\/\/crancfestival.com\/ca\/\",\"name\":\"Cranc Festival\",\"description\":\"Festival M\u00fasica Menorca &amp; Mallorca\",\"publisher\":{\"@id\":\"https:\/\/crancfestival.com\/ca\/#organization\"},\"potentialAction\":[{\"@type\":\"SearchAction\",\"target\":{\"@type\":\"EntryPoint\",\"urlTemplate\":\"https:\/\/crancfestival.com\/ca\/?s={search_term_string}\"},\"query-input\":{\"@type\":\"PropertyValueSpecification\",\"valueRequired\":true,\"valueName\":\"search_term_string\"}}],\"inLanguage\":\"ca\"},{\"@type\":\"Organization\",\"@id\":\"https:\/\/crancfestival.com\/ca\/#organization\",\"name\":\"Cranc Festival\",\"url\":\"https:\/\/crancfestival.com\/ca\/\",\"logo\":{\"@type\":\"ImageObject\",\"inLanguage\":\"ca\",\"@id\":\"https:\/\/crancfestival.com\/ca\/#\/schema\/logo\/image\/\",\"url\":\"https:\/\/crancfestival.com\/wp-content\/uploads\/2024\/02\/cranc-festival-logo-150.webp\",\"contentUrl\":\"https:\/\/crancfestival.com\/wp-content\/uploads\/2024\/02\/cranc-festival-logo-150.webp\",\"width\":127,\"height\":150,\"caption\":\"Cranc Festival\"},\"image\":{\"@id\":\"https:\/\/crancfestival.com\/ca\/#\/schema\/logo\/image\/\"},\"sameAs\":[\"https:\/\/www.facebook.com\/crancfestival\/\",\"https:\/\/x.com\/crancfestival\",\"https:\/\/www.instagram.com\/crancfestival\/\",\"https:\/\/open.spotify.com\/user\/2yrxvv8ld4ewgo2w9dc48qgwh\"]}]}<\/script>\n<!-- \/ Yoast SEO plugin. -->","yoast_head_json":{"title":"Cranc Pro &#8226; Cranc Festival","description":"Cranc Pro, l\u2019espai del Cranc Festival que tracta de jornades professionals amb experts del sector musical","robots":{"index":"index","follow":"follow","max-snippet":"max-snippet:-1","max-image-preview":"max-image-preview:large","max-video-preview":"max-video-preview:-1"},"canonical":"https:\/\/crancfestival.com\/ca\/cranc-pro\/","og_locale":"ca_ES","og_type":"article","og_title":"Cranc Pro &#8226; Cranc Festival","og_description":"Cranc Pro, l\u2019espai del Cranc Festival que tracta de jornades professionals amb experts del sector musical","og_url":"https:\/\/crancfestival.com\/ca\/cranc-pro\/","og_site_name":"Cranc Festival","article_publisher":"https:\/\/www.facebook.com\/crancfestival\/","article_modified_time":"2026-04-28T12:27:30+00:00","twitter_card":"summary_large_image","twitter_site":"@crancfestival","twitter_misc":{"Temps estimat de lectura":"2 minuts"},"schema":{"@context":"https:\/\/schema.org","@graph":[{"@type":"WebPage","@id":"https:\/\/crancfestival.com\/ca\/cranc-pro\/","url":"https:\/\/crancfestival.com\/ca\/cranc-pro\/","name":"Cranc Pro &#8226; Cranc Festival","isPartOf":{"@id":"https:\/\/crancfestival.com\/ca\/#website"},"datePublished":"2024-02-21T11:43:36+00:00","dateModified":"2026-04-28T12:27:30+00:00","description":"Cranc Pro, l\u2019espai del Cranc Festival que tracta de jornades professionals amb experts del sector musical","breadcrumb":{"@id":"https:\/\/crancfestival.com\/ca\/cranc-pro\/#breadcrumb"},"inLanguage":"ca","potentialAction":[{"@type":"ReadAction","target":["https:\/\/crancfestival.com\/ca\/cranc-pro\/"]}]},{"@type":"BreadcrumbList","@id":"https:\/\/crancfestival.com\/ca\/cranc-pro\/#breadcrumb","itemListElement":[{"@type":"ListItem","position":1,"name":"Portada","item":"https:\/\/crancfestival.com\/ca\/cranc-festival-illes-balears\/"},{"@type":"ListItem","position":2,"name":"Cranc Pro"}]},{"@type":"WebSite","@id":"https:\/\/crancfestival.com\/ca\/#website","url":"https:\/\/crancfestival.com\/ca\/","name":"Cranc Festival","description":"Festival M\u00fasica Menorca &amp; Mallorca","publisher":{"@id":"https:\/\/crancfestival.com\/ca\/#organization"},"potentialAction":[{"@type":"SearchAction","target":{"@type":"EntryPoint","urlTemplate":"https:\/\/crancfestival.com\/ca\/?s={search_term_string}"},"query-input":{"@type":"PropertyValueSpecification","valueRequired":true,"valueName":"search_term_string"}}],"inLanguage":"ca"},{"@type":"Organization","@id":"https:\/\/crancfestival.com\/ca\/#organization","name":"Cranc Festival","url":"https:\/\/crancfestival.com\/ca\/","logo":{"@type":"ImageObject","inLanguage":"ca","@id":"https:\/\/crancfestival.com\/ca\/#\/schema\/logo\/image\/","url":"https:\/\/crancfestival.com\/wp-content\/uploads\/2024\/02\/cranc-festival-logo-150.webp","contentUrl":"https:\/\/crancfestival.com\/wp-content\/uploads\/2024\/02\/cranc-festival-logo-150.webp","width":127,"height":150,"caption":"Cranc Festival"},"image":{"@id":"https:\/\/crancfestival.com\/ca\/#\/schema\/logo\/image\/"},"sameAs":["https:\/\/www.facebook.com\/crancfestival\/","https:\/\/x.com\/crancfestival","https:\/\/www.instagram.com\/crancfestival\/","https:\/\/open.spotify.com\/user\/2yrxvv8ld4ewgo2w9dc48qgwh"]}]}},"_links":{"self":[{"href":"https:\/\/crancfestival.com\/ca\/wp-json\/wp\/v2\/pages\/538","targetHints":{"allow":["GET"]}}],"collection":[{"href":"https:\/\/crancfestival.com\/ca\/wp-json\/wp\/v2\/pages"}],"about":[{"href":"https:\/\/crancfestival.com\/ca\/wp-json\/wp\/v2\/types\/page"}],"author":[{"embeddable":true,"href":"https:\/\/crancfestival.com\/ca\/wp-json\/wp\/v2\/users\/1"}],"replies":[{"embeddable":true,"href":"https:\/\/crancfestival.com\/ca\/wp-json\/wp\/v2\/comments?post=538"}],"version-history":[{"count":9,"href":"https:\/\/crancfestival.com\/ca\/wp-json\/wp\/v2\/pages\/538\/revisions"}],"predecessor-version":[{"id":4278,"href":"https:\/\/crancfestival.com\/ca\/wp-json\/wp\/v2\/pages\/538\/revisions\/4278"}],"wp:attachment":[{"href":"https:\/\/crancfestival.com\/ca\/wp-json\/wp\/v2\/media?parent=538"}],"curies":[{"name":"wp","href":"https:\/\/api.w.org\/{rel}","templated":true}]}}