{"id":508,"date":"2024-02-21T12:16:54","date_gmt":"2024-02-21T11:16:54","guid":{"rendered":"https:\/\/new.crancfestival.com\/compromiso\/"},"modified":"2025-09-15T19:53:12","modified_gmt":"2025-09-15T17:53:12","slug":"compromis","status":"publish","type":"page","link":"https:\/\/crancfestival.com\/ca\/compromis\/","title":{"rendered":"Comprom\u00eds"},"content":{"rendered":"<p>[et_pb_section fb_built=&#8221;1&#8243; _builder_version=&#8221;4.24.0&#8243; _module_preset=&#8221;default&#8221; global_colors_info=&#8221;{}&#8221;][et_pb_row _builder_version=&#8221;4.24.0&#8243; _module_preset=&#8221;default&#8221; global_colors_info=&#8221;{}&#8221;][et_pb_column type=&#8221;4_4&#8243; _builder_version=&#8221;4.24.0&#8243; _module_preset=&#8221;default&#8221; global_colors_info=&#8221;{}&#8221;][et_pb_text _builder_version=&#8221;4.27.4&#8243; _module_preset=&#8221;default&#8221; text_orientation=&#8221;center&#8221; global_colors_info=&#8221;{}&#8221;]<\/p>\n<h1 class=\"uppercase\">Comprom\u00eds<\/h1>\n<p>[\/et_pb_text][et_pb_text _builder_version=&#8221;4.27.4&#8243; _module_preset=&#8221;default&#8221; hover_enabled=&#8221;0&#8243; global_colors_info=&#8221;{}&#8221; sticky_enabled=&#8221;0&#8243;]<\/p>\n<p>El comprom\u00eds del <a href=\"https:\/\/crancfestival.com\/ca\/\">Cranc Festival<\/a> amb la sostenibilitat \u00e9s una de les pedres angulars de la organitzaci\u00f3. Conscients de la import\u00e0ncia d\u2019aquest aspecte, el festival s\u2019esfor\u00e7a a dur a terme accions alineades amb l\u2019Agenda 2030, tenint en compte a m\u00e9s a m\u00e9s que t\u00e9 lloc a Menorca, una illa declarada Reserva de la Biosfera per la UNESCO.<\/p>\n<p>El Cranc Festival no \u00e9s nom\u00e9s una plataforma per portar a l\u2019illa artistes nacionals i internacionals que dif\u00edcilment arriben a Menorca o Mallorca a les seves gires. Tamb\u00e9 som una plataforma que promociona bandes i artistes locals tant dins com fora de les illes.<\/p>\n<p>\u00c9s una prioritat per al festival treballar amb producte local aix\u00ed com optar per la contractaci\u00f3 local sempre que sigui possible, generant llocs de treball, contribuint a l\u2019economia local i promovent connexions comercials entre negocis de l\u2019illa.<\/p>\n<p>[\/et_pb_text][\/et_pb_column][\/et_pb_row][et_pb_row column_structure=&#8221;1_2,1_2&#8243; _builder_version=&#8221;4.24.3&#8243; _module_preset=&#8221;default&#8221; global_colors_info=&#8221;{}&#8221;][et_pb_column type=&#8221;1_2&#8243; _builder_version=&#8221;4.24.3&#8243; _module_preset=&#8221;default&#8221; global_colors_info=&#8221;{}&#8221;][et_pb_text _builder_version=&#8221;4.27.4&#8243; _module_preset=&#8221;default&#8221; global_colors_info=&#8221;{}&#8221;]<\/p>\n<h3>Comprom\u00eds ambiental i sostenibilitat<\/h3>\n<p>Aquest any el Cranc col\u00b7laborar\u00e0 amb les associacions <a href=\"https:\/\/www.perlamarviva.com\/\" target=\"_blank\" rel=\"noopener\">Per la Mar Viva<\/a> y <a href=\"https:\/\/www.savethemed.org\/es\/\" target=\"_blank\" rel=\"noopener\">Save the Med Foundation<\/a>, que treballen per a cuidar la salut de la nostra mar.<\/p>\n<p>Un dels nostres prop\u00f2sits principals \u00e9s reduir la quantitat de residus que generem durant el festival. Per aix\u00f2, apostem per envasos reutilitzables i biodegradables i restringint al m\u00e0xim l\u00fas de pl\u00e0stics. Totes les entrades per al Cranc Festival es <a href=\"https:\/\/www.ticketmaster.es\/artist\/cranc-festival-entradas\/1017507\" target=\"_blank\" rel=\"noopener\">compraran en l\u00ednia<\/a> i animem a tots els assistents al festival que vinguin amb els seus abonaments\/entrades al m\u00f2bil per evitar l\u2019\u00fas innecessari de tinta i paper.<\/p>\n<p>Tot all\u00f2 que cal imprimir es far\u00e0 en paper ecol\u00f2gic i treballant amb l\u2019empresa Lligall Gr\u00e0fic que \u00e9s un centre especial de treball.<\/p>\n<p>Pels residus que sigui inevitable generar, facilitarem al m\u00e0xim el reciclatge i la reutilitzaci\u00f3. Col\u00b7locarem papereres i contenidors a punts estrat\u00e8gics del recinte per potenciar el reciclatge.<\/p>\n<p>[\/et_pb_text][\/et_pb_column][et_pb_column type=&#8221;1_2&#8243; _builder_version=&#8221;4.24.3&#8243; _module_preset=&#8221;default&#8221; global_colors_info=&#8221;{}&#8221;][et_pb_image src=&#8221;https:\/\/crancfestival.com\/wp-content\/uploads\/2024\/05\/certificado-festival-plastic-free-cranc-1.webp&#8221; alt=&#8221;Certificat festival plastic free &#8211; Cranc Festival&#8221; title_text=&#8221;Certificat festival plastic free guardian&#8221; _builder_version=&#8221;4.27.4&#8243; _module_preset=&#8221;default&#8221; border_radii=&#8221;on|50px|50px|50px|50px&#8221; global_colors_info=&#8221;{}&#8221;][\/et_pb_image][\/et_pb_column][\/et_pb_row][et_pb_row _builder_version=&#8221;4.24.3&#8243; _module_preset=&#8221;default&#8221; global_colors_info=&#8221;{}&#8221;][et_pb_column type=&#8221;4_4&#8243; _builder_version=&#8221;4.24.3&#8243; _module_preset=&#8221;default&#8221; global_colors_info=&#8221;{}&#8221;][et_pb_text _builder_version=&#8221;4.27.4&#8243; _module_preset=&#8221;default&#8221; global_colors_info=&#8221;{}&#8221;]<\/p>\n<h3>Mobilitat sostenible<\/h3>\n<p>Pel que fa a la mobilitat, el festival t\u00e9 lloc en un espai accessible a peu. En aquest sentit, no volem reservar espai d\u2019aparcament al voltant per potenciar que els assistents vinguin a peu, amb bicicleta o amb transport p\u00fablic.<\/p>\n<p>&nbsp;<\/p>\n<h3>Comprom\u00eds amb la inclusi\u00f3 i la seguretat en el Cranc Festival<\/h3>\n<p>Cal recordar que el Cranc Festival \u00e9s un festival inclusiu que respecta la diversitat i que no tolera cap mena de viol\u00e8ncia contra qualsevol col\u00b7lectiu. Per aquest motiu el Cranc s\u2019ha adherit al programa de prevenci\u00f3, detecci\u00f3 i actuaci\u00f3 davant de situacions de viol\u00e8ncia masclista en el context p\u00fablic d\u2019oci impulsat pel Consell de Menorca. Al recinte comptarem amb un Punt Lila amb informaci\u00f3 i on acudir en cas de patir o observar alguna conducta inadequada.<\/p>\n<p>Seguint els nostres valors i full de ruta, som un festival que compta amb una plantilla igualit\u00e0ria de treballadors i treballadores. El nostre objectiu \u00e9s aconseguir la paritat al nostre cartell d\u2019artistes.<\/p>\n<p>Treballem per ser un festival el m\u00e9s accessible possible, per aix\u00f2 col\u00b7laborem amb la Fundaci\u00f3 Music For All, que ens ha ajudat a preparar aquesta <a href=\"https:\/\/crancfestival.com\/wp-content\/uploads\/2025\/09\/Guia-accesibilidad-Cranc-Festival-2025.pdf\">guia d\u2019accessibilitat<\/a>. Aix\u00ed doncs, amb aquest comprom\u00eds creiem que \u00e9s important fer una tasca de conscienciaci\u00f3 des del festival. Per aix\u00f2, a trav\u00e9s de confer\u00e8ncies al Cranc Pro i de la comunicaci\u00f3, tant a les xarxes socials com durant el festival, intentarem transmetre els nostres valors a tots els assistents del Cranc.<\/p>\n<p>[\/et_pb_text][et_pb_image src=&#8221;https:\/\/crancfestival.com\/wp-content\/uploads\/2024\/02\/objetivos-desarrollo-sostenible-cranc-festival.webp&#8221; alt=&#8221;Objectius desenvolupament sostenible &#8211; Cranc Festival&#8221; title_text=&#8221;Objectius desenvolupament sostenible&#8221; url=&#8221;https:\/\/www.un.org\/sustainabledevelopment\/es\/&#8221; url_new_window=&#8221;on&#8221; align=&#8221;center&#8221; _builder_version=&#8221;4.24.0&#8243; _module_preset=&#8221;default&#8221; global_colors_info=&#8221;{}&#8221;][\/et_pb_image][\/et_pb_column][\/et_pb_row][et_pb_row _builder_version=&#8221;4.27.4&#8243; _module_preset=&#8221;default&#8221;][et_pb_column _builder_version=&#8221;4.27.4&#8243; _module_preset=&#8221;default&#8221; type=&#8221;4_4&#8243;][et_pb_text _builder_version=&#8221;4.27.4&#8243; _module_preset=&#8221;default&#8221; hover_enabled=&#8221;0&#8243; sticky_enabled=&#8221;0&#8243;]<\/p>\n<h3>Comprom\u00eds de Turisme Responsable de Mallorca<\/h3>\n<p>Amb cada edici\u00f3 del Cranc oferim un nou enfocament a la promoci\u00f3 tur\u00edstico-cultural de Mallorca i Menorca.<\/p>\n<p>En aquesta edici\u00f3 del Cranc Illa de Mallorca 2024, ens hem adherit al <a href=\"https:\/\/pledge.fundaciomallorcaturisme.net\/es\" target=\"_blank\" rel=\"noopener\">Comprom\u00eds de Turisme Responsable de Mallorca<\/a>, promogut per la Fundaci\u00f3 Mallorca Turisme (FTM). Aquest comprom\u00eds busca reduir l&#8217;impacte ambiental del turisme, millorar el benestar dels nostres residents, celebrar i protegir el nostre patrimoni cultural, i proporcionar experi\u00e8ncies veritablement memorables a cada viatger que tri\u00ef Mallorca com el seu dest\u00ed.<\/p>\n<p>En el cas de Menorca, coneguda per les seves platges paradis\u00edaques, treballem per donar a con\u00e8ixer la seva hist\u00f2ria, cultura i llengua pr\u00f2pies, aix\u00ed com tot all\u00f2 que t\u00e9 per oferir la nostra reserva de la biosfera.<\/p>\n<p>[\/et_pb_text][\/et_pb_column][\/et_pb_row][\/et_pb_section]<\/p>\n","protected":false},"excerpt":{"rendered":"<p>Comprom\u00edsEl comprom\u00eds del Cranc Festival amb la sostenibilitat \u00e9s una de les pedres angulars de la organitzaci\u00f3. Conscients de la import\u00e0ncia d\u2019aquest aspecte, el festival s\u2019esfor\u00e7a a dur a terme accions alineades amb l\u2019Agenda 2030, tenint en compte a m\u00e9s a m\u00e9s que t\u00e9 lloc a Menorca, una illa declarada Reserva de la Biosfera per [&hellip;]<\/p>\n","protected":false},"author":1,"featured_media":0,"parent":0,"menu_order":0,"comment_status":"closed","ping_status":"closed","template":"","meta":{"_et_pb_use_builder":"on","_et_pb_old_content":"","_et_gb_content_width":"","footnotes":""},"class_list":["post-508","page","type-page","status-publish","hentry"],"yoast_head":"<!-- This site is optimized with the Yoast SEO plugin v27.2 - https:\/\/yoast.com\/product\/yoast-seo-wordpress\/ -->\n<title>Comprom\u00eds &#8226; Cranc Festival<\/title>\n<meta name=\"description\" content=\"El comprom\u00eds del Cranc Festival amb la sostenibilitat \u00e9s una de les pedres angulars de la organitzaci\u00f3 ...\" \/>\n<meta name=\"robots\" content=\"index, follow, max-snippet:-1, max-image-preview:large, max-video-preview:-1\" \/>\n<link rel=\"canonical\" href=\"https:\/\/crancfestival.com\/ca\/compromis\/\" \/>\n<meta property=\"og:locale\" content=\"ca_ES\" \/>\n<meta property=\"og:type\" content=\"article\" \/>\n<meta property=\"og:title\" content=\"Comprom\u00eds &#8226; Cranc Festival\" \/>\n<meta property=\"og:description\" content=\"El comprom\u00eds del Cranc Festival amb la sostenibilitat \u00e9s una de les pedres angulars de la organitzaci\u00f3 ...\" \/>\n<meta property=\"og:url\" content=\"https:\/\/crancfestival.com\/ca\/compromis\/\" \/>\n<meta property=\"og:site_name\" content=\"Cranc Festival\" \/>\n<meta property=\"article:publisher\" content=\"https:\/\/www.facebook.com\/crancfestival\/\" \/>\n<meta property=\"article:modified_time\" content=\"2025-09-15T17:53:12+00:00\" \/>\n<meta name=\"twitter:card\" content=\"summary_large_image\" \/>\n<meta name=\"twitter:site\" content=\"@crancfestival\" \/>\n<meta name=\"twitter:label1\" content=\"Temps estimat de lectura\" \/>\n\t<meta name=\"twitter:data1\" content=\"4 minuts\" \/>\n<script type=\"application\/ld+json\" class=\"yoast-schema-graph\">{\"@context\":\"https:\/\/schema.org\",\"@graph\":[{\"@type\":\"WebPage\",\"@id\":\"https:\/\/crancfestival.com\/ca\/compromis\/\",\"url\":\"https:\/\/crancfestival.com\/ca\/compromis\/\",\"name\":\"Comprom\u00eds &#8226; Cranc Festival\",\"isPartOf\":{\"@id\":\"https:\/\/crancfestival.com\/ca\/#website\"},\"datePublished\":\"2024-02-21T11:16:54+00:00\",\"dateModified\":\"2025-09-15T17:53:12+00:00\",\"description\":\"El comprom\u00eds del Cranc Festival amb la sostenibilitat \u00e9s una de les pedres angulars de la organitzaci\u00f3 ...\",\"breadcrumb\":{\"@id\":\"https:\/\/crancfestival.com\/ca\/compromis\/#breadcrumb\"},\"inLanguage\":\"ca\",\"potentialAction\":[{\"@type\":\"ReadAction\",\"target\":[\"https:\/\/crancfestival.com\/ca\/compromis\/\"]}]},{\"@type\":\"BreadcrumbList\",\"@id\":\"https:\/\/crancfestival.com\/ca\/compromis\/#breadcrumb\",\"itemListElement\":[{\"@type\":\"ListItem\",\"position\":1,\"name\":\"Portada\",\"item\":\"https:\/\/crancfestival.com\/ca\/cranc-festival-illes-balears\/\"},{\"@type\":\"ListItem\",\"position\":2,\"name\":\"Comprom\u00eds\"}]},{\"@type\":\"WebSite\",\"@id\":\"https:\/\/crancfestival.com\/ca\/#website\",\"url\":\"https:\/\/crancfestival.com\/ca\/\",\"name\":\"Cranc Festival\",\"description\":\"Festival M\u00fasica Menorca &amp; Mallorca\",\"publisher\":{\"@id\":\"https:\/\/crancfestival.com\/ca\/#organization\"},\"potentialAction\":[{\"@type\":\"SearchAction\",\"target\":{\"@type\":\"EntryPoint\",\"urlTemplate\":\"https:\/\/crancfestival.com\/ca\/?s={search_term_string}\"},\"query-input\":{\"@type\":\"PropertyValueSpecification\",\"valueRequired\":true,\"valueName\":\"search_term_string\"}}],\"inLanguage\":\"ca\"},{\"@type\":\"Organization\",\"@id\":\"https:\/\/crancfestival.com\/ca\/#organization\",\"name\":\"Cranc Festival\",\"url\":\"https:\/\/crancfestival.com\/ca\/\",\"logo\":{\"@type\":\"ImageObject\",\"inLanguage\":\"ca\",\"@id\":\"https:\/\/crancfestival.com\/ca\/#\/schema\/logo\/image\/\",\"url\":\"https:\/\/crancfestival.com\/wp-content\/uploads\/2024\/02\/cranc-festival-logo-150.webp\",\"contentUrl\":\"https:\/\/crancfestival.com\/wp-content\/uploads\/2024\/02\/cranc-festival-logo-150.webp\",\"width\":127,\"height\":150,\"caption\":\"Cranc Festival\"},\"image\":{\"@id\":\"https:\/\/crancfestival.com\/ca\/#\/schema\/logo\/image\/\"},\"sameAs\":[\"https:\/\/www.facebook.com\/crancfestival\/\",\"https:\/\/x.com\/crancfestival\",\"https:\/\/www.instagram.com\/crancfestival\/\",\"https:\/\/open.spotify.com\/user\/2yrxvv8ld4ewgo2w9dc48qgwh\"]}]}<\/script>\n<!-- \/ Yoast SEO plugin. -->","yoast_head_json":{"title":"Comprom\u00eds &#8226; Cranc Festival","description":"El comprom\u00eds del Cranc Festival amb la sostenibilitat \u00e9s una de les pedres angulars de la organitzaci\u00f3 ...","robots":{"index":"index","follow":"follow","max-snippet":"max-snippet:-1","max-image-preview":"max-image-preview:large","max-video-preview":"max-video-preview:-1"},"canonical":"https:\/\/crancfestival.com\/ca\/compromis\/","og_locale":"ca_ES","og_type":"article","og_title":"Comprom\u00eds &#8226; Cranc Festival","og_description":"El comprom\u00eds del Cranc Festival amb la sostenibilitat \u00e9s una de les pedres angulars de la organitzaci\u00f3 ...","og_url":"https:\/\/crancfestival.com\/ca\/compromis\/","og_site_name":"Cranc Festival","article_publisher":"https:\/\/www.facebook.com\/crancfestival\/","article_modified_time":"2025-09-15T17:53:12+00:00","twitter_card":"summary_large_image","twitter_site":"@crancfestival","twitter_misc":{"Temps estimat de lectura":"4 minuts"},"schema":{"@context":"https:\/\/schema.org","@graph":[{"@type":"WebPage","@id":"https:\/\/crancfestival.com\/ca\/compromis\/","url":"https:\/\/crancfestival.com\/ca\/compromis\/","name":"Comprom\u00eds &#8226; Cranc Festival","isPartOf":{"@id":"https:\/\/crancfestival.com\/ca\/#website"},"datePublished":"2024-02-21T11:16:54+00:00","dateModified":"2025-09-15T17:53:12+00:00","description":"El comprom\u00eds del Cranc Festival amb la sostenibilitat \u00e9s una de les pedres angulars de la organitzaci\u00f3 ...","breadcrumb":{"@id":"https:\/\/crancfestival.com\/ca\/compromis\/#breadcrumb"},"inLanguage":"ca","potentialAction":[{"@type":"ReadAction","target":["https:\/\/crancfestival.com\/ca\/compromis\/"]}]},{"@type":"BreadcrumbList","@id":"https:\/\/crancfestival.com\/ca\/compromis\/#breadcrumb","itemListElement":[{"@type":"ListItem","position":1,"name":"Portada","item":"https:\/\/crancfestival.com\/ca\/cranc-festival-illes-balears\/"},{"@type":"ListItem","position":2,"name":"Comprom\u00eds"}]},{"@type":"WebSite","@id":"https:\/\/crancfestival.com\/ca\/#website","url":"https:\/\/crancfestival.com\/ca\/","name":"Cranc Festival","description":"Festival M\u00fasica Menorca &amp; Mallorca","publisher":{"@id":"https:\/\/crancfestival.com\/ca\/#organization"},"potentialAction":[{"@type":"SearchAction","target":{"@type":"EntryPoint","urlTemplate":"https:\/\/crancfestival.com\/ca\/?s={search_term_string}"},"query-input":{"@type":"PropertyValueSpecification","valueRequired":true,"valueName":"search_term_string"}}],"inLanguage":"ca"},{"@type":"Organization","@id":"https:\/\/crancfestival.com\/ca\/#organization","name":"Cranc Festival","url":"https:\/\/crancfestival.com\/ca\/","logo":{"@type":"ImageObject","inLanguage":"ca","@id":"https:\/\/crancfestival.com\/ca\/#\/schema\/logo\/image\/","url":"https:\/\/crancfestival.com\/wp-content\/uploads\/2024\/02\/cranc-festival-logo-150.webp","contentUrl":"https:\/\/crancfestival.com\/wp-content\/uploads\/2024\/02\/cranc-festival-logo-150.webp","width":127,"height":150,"caption":"Cranc Festival"},"image":{"@id":"https:\/\/crancfestival.com\/ca\/#\/schema\/logo\/image\/"},"sameAs":["https:\/\/www.facebook.com\/crancfestival\/","https:\/\/x.com\/crancfestival","https:\/\/www.instagram.com\/crancfestival\/","https:\/\/open.spotify.com\/user\/2yrxvv8ld4ewgo2w9dc48qgwh"]}]}},"_links":{"self":[{"href":"https:\/\/crancfestival.com\/ca\/wp-json\/wp\/v2\/pages\/508","targetHints":{"allow":["GET"]}}],"collection":[{"href":"https:\/\/crancfestival.com\/ca\/wp-json\/wp\/v2\/pages"}],"about":[{"href":"https:\/\/crancfestival.com\/ca\/wp-json\/wp\/v2\/types\/page"}],"author":[{"embeddable":true,"href":"https:\/\/crancfestival.com\/ca\/wp-json\/wp\/v2\/users\/1"}],"replies":[{"embeddable":true,"href":"https:\/\/crancfestival.com\/ca\/wp-json\/wp\/v2\/comments?post=508"}],"version-history":[{"count":5,"href":"https:\/\/crancfestival.com\/ca\/wp-json\/wp\/v2\/pages\/508\/revisions"}],"predecessor-version":[{"id":3512,"href":"https:\/\/crancfestival.com\/ca\/wp-json\/wp\/v2\/pages\/508\/revisions\/3512"}],"wp:attachment":[{"href":"https:\/\/crancfestival.com\/ca\/wp-json\/wp\/v2\/media?parent=508"}],"curies":[{"name":"wp","href":"https:\/\/api.w.org\/{rel}","templated":true}]}}